{"id":288,"date":"2023-10-05T16:14:23","date_gmt":"2023-10-05T16:14:23","guid":{"rendered":"https:\/\/agromatic.mx\/?post_type=product&#038;p=288"},"modified":"2023-10-06T14:36:32","modified_gmt":"2023-10-06T14:36:32","slug":"tuberia-con-emisor-plano-para-terrenos-inclinados","status":"publish","type":"product","link":"https:\/\/agromatic.mx\/index.php\/product\/tuberia-con-emisor-plano-para-terrenos-inclinados\/","title":{"rendered":"Tuber\u00eda con emisor plano para terrenos Inclinados"},"content":{"rendered":"<p>VENTAJAS<br \/>\nProtecci\u00f3n H.E.X.<br \/>\nExclusivo triple sistema de filtraci\u00f3n en 3D.<\/p>\n<p>Uniformidad SILITEC.<br \/>\nTecnolog\u00eda farmac\u00e9utica en la membrana, el coraz\u00f3n del emisor.<\/p>\n<p>Durabilidad ELIPSIS.<br \/>\nEl mejor aliado para el coraz\u00f3n del emisor.<\/p>\n<p>Anti-obturaciones DS TECHNOLOGY.<br \/>\nLa seguridad patentada.<\/p>\n<p>Anti-ra\u00edces PIR.<br \/>\nExperiencia frente a la intrusi\u00f3n radicular.<\/p>\n<p>M\u00e1ximo rendimiento y durabilidad para tu instalaci\u00f3n.<br \/>\nLa c\u00e1mara ELIPSIS es un alojamiento espec\u00edfico para la membrana con el fin de garantizar su m\u00e1ximo rendimiento.<\/p>\n<p>Caudal uniforme garantizado en la vida \u00fatil del cultivo.<br \/>\nLa membrana inyectada de forma el\u00edptica es libre y din\u00e1mica, lo que garantiza una autocompensaci\u00f3n de precisi\u00f3n, fiable y duradera.<\/p>\n<p>M\u00e1xima resistencia certificada frente obturaciones.<br \/>\nEl laberinto autolimpiante DS TECHNOLOGY est\u00e1 formado por cavidades el\u00edpticas que evita la sedimentaci\u00f3n de part\u00edculas.<\/p>\n<p>Mayor protecci\u00f3n frente a la intrusi\u00f3n radicular.<br \/>\nEl sistema PIR consiste en una combinaci\u00f3n entre experiencia y protecci\u00f3n f\u00edsica que dificulta la intrusi\u00f3n radicular.<\/p>\n","protected":false},"excerpt":{"rendered":"<p>Garantiza el crecimiento del cultivo en cualquier terreno, con un menor requerimiento de recursos y con un mayor respeto por el medioambiente.<\/p>\n<p>Su tecnolog\u00eda antidrenante lo convierte en la mejor soluci\u00f3n para riego por pulsos y para terrenos con elevadas pendientes, ya que mantiene la tuber\u00eda presurizada preparada para el siguiente riego.<\/p>\n<p>Emisores siempre protegidos.<br \/>\nSistema de filtraci\u00f3n autolimpiante H.E.X. para la retenci\u00f3n de part\u00edculas en superficie y en profundidad.<\/p>\n<p>&nbsp;<\/p>\n","protected":false},"featured_media":289,"comment_status":"closed","ping_status":"closed","template":"","meta":{"site-sidebar-layout":"default","site-content-layout":"","ast-site-content-layout":"default","site-content-style":"default","site-sidebar-style":"default","ast-global-header-display":"","ast-banner-title-visibility":"","ast-main-header-display":"","ast-hfb-above-header-display":"","ast-hfb-below-header-display":"","ast-hfb-mobile-header-display":"","site-post-title":"","ast-breadcrumbs-content":"","ast-featured-img":"","footer-sml-layout":"","theme-transparent-header-meta":"default","adv-header-id-meta":"","stick-header-meta":"","header-above-stick-meta":"","header-main-stick-meta":"","header-below-stick-meta":"","astra-migrate-meta-layouts":"set","ast-page-background-enabled":"default","ast-page-background-meta":{"desktop":{"background-color":"var(--ast-global-color-4)","background-image":"","background-repeat":"repeat","background-position":"center center","background-size":"auto","background-attachment":"scroll","background-type":"","background-media":"","overlay-type":"","overlay-color":"","overlay-opacity":"","overlay-gradient":""},"tablet":{"background-color":"","background-image":"","background-repeat":"repeat","background-position":"center center","background-size":"auto","background-attachment":"scroll","background-type":"","background-media":"","overlay-type":"","overlay-color":"","overlay-opacity":"","overlay-gradient":""},"mobile":{"background-color":"","background-image":"","background-repeat":"repeat","background-position":"center center","background-size":"auto","background-attachment":"scroll","background-type":"","background-media":"","overlay-type":"","overlay-color":"","overlay-opacity":"","overlay-gradient":""}},"ast-content-background-meta":{"desktop":{"background-color":"var(--ast-global-color-5)","background-image":"","background-repeat":"repeat","background-position":"center center","background-size":"auto","background-attachment":"scroll","background-type":"","background-media":"","overlay-type":"","overlay-color":"","overlay-opacity":"","overlay-gradient":""},"tablet":{"background-color":"var(--ast-global-color-5)","background-image":"","background-repeat":"repeat","background-position":"center center","background-size":"auto","background-attachment":"scroll","background-type":"","background-media":"","overlay-type":"","overlay-color":"","overlay-opacity":"","overlay-gradient":""},"mobile":{"background-color":"var(--ast-global-color-5)","background-image":"","background-repeat":"repeat","background-position":"center center","background-size":"auto","background-attachment":"scroll","background-type":"","background-media":"","overlay-type":"","overlay-color":"","overlay-opacity":"","overlay-gradient":""}}},"product_cat":[93,33],"product_tag":[],"class_list":{"0":"post-288","1":"product","2":"type-product","3":"status-publish","4":"has-post-thumbnail","6":"product_cat-goteo-de-presicion","7":"product_cat-sistemas-de-riego","8":"desktop-align-left","9":"tablet-align-left","10":"mobile-align-left","12":"first","13":"instock","14":"shipping-taxable","15":"product-type-simple"},"_links":{"self":[{"href":"https:\/\/agromatic.mx\/index.php\/wp-json\/wp\/v2\/product\/288","targetHints":{"allow":["GET"]}}],"collection":[{"href":"https:\/\/agromatic.mx\/index.php\/wp-json\/wp\/v2\/product"}],"about":[{"href":"https:\/\/agromatic.mx\/index.php\/wp-json\/wp\/v2\/types\/product"}],"replies":[{"embeddable":true,"href":"https:\/\/agromatic.mx\/index.php\/wp-json\/wp\/v2\/comments?post=288"}],"wp:featuredmedia":[{"embeddable":true,"href":"https:\/\/agromatic.mx\/index.php\/wp-json\/wp\/v2\/media\/289"}],"wp:attachment":[{"href":"https:\/\/agromatic.mx\/index.php\/wp-json\/wp\/v2\/media?parent=288"}],"wp:term":[{"taxonomy":"product_cat","embeddable":true,"href":"https:\/\/agromatic.mx\/index.php\/wp-json\/wp\/v2\/product_cat?post=288"},{"taxonomy":"product_tag","embeddable":true,"href":"https:\/\/agromatic.mx\/index.php\/wp-json\/wp\/v2\/product_tag?post=288"}],"curies":[{"name":"wp","href":"https:\/\/api.w.org\/{rel}","templated":true}]}}