{"id":297,"date":"2023-10-05T17:10:39","date_gmt":"2023-10-05T17:10:39","guid":{"rendered":"https:\/\/agromatic.mx\/?post_type=product&#038;p=297"},"modified":"2023-10-06T14:52:25","modified_gmt":"2023-10-06T14:52:25","slug":"tuberia-con-emisor-plano-turbulento-cultivos-horticolas","status":"publish","type":"product","link":"https:\/\/agromatic.mx\/index.php\/product\/tuberia-con-emisor-plano-turbulento-cultivos-horticolas\/","title":{"rendered":"Tuber\u00eda con emisor plano Turbulento Cultivos Hort\u00edcolas."},"content":{"rendered":"<p>VENTAJAS<br \/>\nM\u00e1xima protecci\u00f3n ante obturaciones.<\/p>\n<p>Laberinto anti-sedimentaci\u00f3n.<\/p>\n<p>M\u00e1xima uniformidad de riego.<\/p>\n<p>Mayor resistencia a la presi\u00f3n de trabajo.<\/p>\n<p>M\u00e1xima rentabilidad en transporte y almacenamiento.<\/p>\n","protected":false},"excerpt":{"rendered":"<p>\u2013 Sistema de protecci\u00f3n din\u00e1mico. El estudiado dise\u00f1o hidrodin\u00e1mico del filtro, unido a su gran \u00e1rea filtrante, hace que las part\u00edculas que el agua porta en suspensi\u00f3n no sean atra\u00eddas hacia la entrada del gotero.<br \/>\n\u2013 Sistema de protecci\u00f3n en l\u00ednea. La adecuada disposici\u00f3n del filtro junto a las l\u00edneas de flujo permite que las part\u00edculas retenidas sean desprendidas, alej\u00e1ndose del gotero y evitando as\u00ed el riesgo de obturaci\u00f3n.<br \/>\n\u2013 Sistema de protecci\u00f3n mec\u00e1nico. El filtro act\u00faa como una barrera f\u00edsica que impide la entrada de part\u00edculas al interior del gotero<\/p>\n","protected":false},"featured_media":298,"comment_status":"closed","ping_status":"closed","template":"","meta":{"site-sidebar-layout":"default","site-content-layout":"","ast-site-content-layout":"default","site-content-style":"default","site-sidebar-style":"default","ast-global-header-display":"","ast-banner-title-visibility":"","ast-main-header-display":"","ast-hfb-above-header-display":"","ast-hfb-below-header-display":"","ast-hfb-mobile-header-display":"","site-post-title":"","ast-breadcrumbs-content":"","ast-featured-img":"","footer-sml-layout":"","theme-transparent-header-meta":"default","adv-header-id-meta":"","stick-header-meta":"","header-above-stick-meta":"","header-main-stick-meta":"","header-below-stick-meta":"","astra-migrate-meta-layouts":"set","ast-page-background-enabled":"default","ast-page-background-meta":{"desktop":{"background-color":"var(--ast-global-color-4)","background-image":"","background-repeat":"repeat","background-position":"center center","background-size":"auto","background-attachment":"scroll","background-type":"","background-media":"","overlay-type":"","overlay-color":"","overlay-opacity":"","overlay-gradient":""},"tablet":{"background-color":"","background-image":"","background-repeat":"repeat","background-position":"center center","background-size":"auto","background-attachment":"scroll","background-type":"","background-media":"","overlay-type":"","overlay-color":"","overlay-opacity":"","overlay-gradient":""},"mobile":{"background-color":"","background-image":"","background-repeat":"repeat","background-position":"center center","background-size":"auto","background-attachment":"scroll","background-type":"","background-media":"","overlay-type":"","overlay-color":"","overlay-opacity":"","overlay-gradient":""}},"ast-content-background-meta":{"desktop":{"background-color":"var(--ast-global-color-5)","background-image":"","background-repeat":"repeat","background-position":"center center","background-size":"auto","background-attachment":"scroll","background-type":"","background-media":"","overlay-type":"","overlay-color":"","overlay-opacity":"","overlay-gradient":""},"tablet":{"background-color":"var(--ast-global-color-5)","background-image":"","background-repeat":"repeat","background-position":"center center","background-size":"auto","background-attachment":"scroll","background-type":"","background-media":"","overlay-type":"","overlay-color":"","overlay-opacity":"","overlay-gradient":""},"mobile":{"background-color":"var(--ast-global-color-5)","background-image":"","background-repeat":"repeat","background-position":"center center","background-size":"auto","background-attachment":"scroll","background-type":"","background-media":"","overlay-type":"","overlay-color":"","overlay-opacity":"","overlay-gradient":""}}},"product_cat":[93,33],"product_tag":[],"class_list":{"0":"post-297","1":"product","2":"type-product","3":"status-publish","4":"has-post-thumbnail","6":"product_cat-goteo-de-presicion","7":"product_cat-sistemas-de-riego","8":"desktop-align-left","9":"tablet-align-left","10":"mobile-align-left","12":"first","13":"instock","14":"shipping-taxable","15":"product-type-simple"},"_links":{"self":[{"href":"https:\/\/agromatic.mx\/index.php\/wp-json\/wp\/v2\/product\/297","targetHints":{"allow":["GET"]}}],"collection":[{"href":"https:\/\/agromatic.mx\/index.php\/wp-json\/wp\/v2\/product"}],"about":[{"href":"https:\/\/agromatic.mx\/index.php\/wp-json\/wp\/v2\/types\/product"}],"replies":[{"embeddable":true,"href":"https:\/\/agromatic.mx\/index.php\/wp-json\/wp\/v2\/comments?post=297"}],"wp:featuredmedia":[{"embeddable":true,"href":"https:\/\/agromatic.mx\/index.php\/wp-json\/wp\/v2\/media\/298"}],"wp:attachment":[{"href":"https:\/\/agromatic.mx\/index.php\/wp-json\/wp\/v2\/media?parent=297"}],"wp:term":[{"taxonomy":"product_cat","embeddable":true,"href":"https:\/\/agromatic.mx\/index.php\/wp-json\/wp\/v2\/product_cat?post=297"},{"taxonomy":"product_tag","embeddable":true,"href":"https:\/\/agromatic.mx\/index.php\/wp-json\/wp\/v2\/product_tag?post=297"}],"curies":[{"name":"wp","href":"https:\/\/api.w.org\/{rel}","templated":true}]}}