{"id":344,"date":"2023-10-06T15:58:06","date_gmt":"2023-10-06T15:58:06","guid":{"rendered":"https:\/\/agromatic.mx\/?post_type=product&#038;p=344"},"modified":"2023-10-06T15:58:06","modified_gmt":"2023-10-06T15:58:06","slug":"bomba-trituradora-serie-grd","status":"publish","type":"product","link":"https:\/\/agromatic.mx\/index.php\/product\/bomba-trituradora-serie-grd\/","title":{"rendered":"Bomba Trituradora serie GRD"},"content":{"rendered":"<p>Aplicaciones de las bombas trituradoras GRD:<br \/>\nBombeo de agua con desechos en hospitales, hoteles, almacenes, centros comerciales, etc.<br \/>\nBombeo de aguas residuales en viviendas<br \/>\nBombeo de desechos y desperdicios en industrias, restaurantes, etc.<br \/>\nBombeo en general en sistemas de trituraci\u00f3n<br \/>\nTransferencia de aguas residuales en sistemas de alcantarillado a peque\u00f1a escala<\/p>\n","protected":false},"excerpt":{"rendered":"<p>Las Bombas Trituradoras Altamira de la Serie GRD cuentan con un sistema de corte al alto cromo que puede soportar grandes esfuerzos al estar bombeando desechos y desperdicios en suspensi\u00f3n.<\/p>\n<p>El cuerpo de estos equipos de bombeo est\u00e1n fabricados en hierro fundido y cuentan con impulsor semiabierto en hierro d\u00factil, est\u00e1n disponibles con descarga de 1.5\u2033 y 2\u2033 y puedan trabajar con l\u00edquidos con temperatura de hasta 40\u00b0C.<\/p>\n","protected":false},"featured_media":345,"comment_status":"closed","ping_status":"closed","template":"","meta":{"site-sidebar-layout":"default","site-content-layout":"","ast-site-content-layout":"default","site-content-style":"default","site-sidebar-style":"default","ast-global-header-display":"","ast-banner-title-visibility":"","ast-main-header-display":"","ast-hfb-above-header-display":"","ast-hfb-below-header-display":"","ast-hfb-mobile-header-display":"","site-post-title":"","ast-breadcrumbs-content":"","ast-featured-img":"","footer-sml-layout":"","theme-transparent-header-meta":"default","adv-header-id-meta":"","stick-header-meta":"","header-above-stick-meta":"","header-main-stick-meta":"","header-below-stick-meta":"","astra-migrate-meta-layouts":"set","ast-page-background-enabled":"default","ast-page-background-meta":{"desktop":{"background-color":"var(--ast-global-color-4)","background-image":"","background-repeat":"repeat","background-position":"center center","background-size":"auto","background-attachment":"scroll","background-type":"","background-media":"","overlay-type":"","overlay-color":"","overlay-opacity":"","overlay-gradient":""},"tablet":{"background-color":"","background-image":"","background-repeat":"repeat","background-position":"center center","background-size":"auto","background-attachment":"scroll","background-type":"","background-media":"","overlay-type":"","overlay-color":"","overlay-opacity":"","overlay-gradient":""},"mobile":{"background-color":"","background-image":"","background-repeat":"repeat","background-position":"center center","background-size":"auto","background-attachment":"scroll","background-type":"","background-media":"","overlay-type":"","overlay-color":"","overlay-opacity":"","overlay-gradient":""}},"ast-content-background-meta":{"desktop":{"background-color":"var(--ast-global-color-5)","background-image":"","background-repeat":"repeat","background-position":"center center","background-size":"auto","background-attachment":"scroll","background-type":"","background-media":"","overlay-type":"","overlay-color":"","overlay-opacity":"","overlay-gradient":""},"tablet":{"background-color":"var(--ast-global-color-5)","background-image":"","background-repeat":"repeat","background-position":"center center","background-size":"auto","background-attachment":"scroll","background-type":"","background-media":"","overlay-type":"","overlay-color":"","overlay-opacity":"","overlay-gradient":""},"mobile":{"background-color":"var(--ast-global-color-5)","background-image":"","background-repeat":"repeat","background-position":"center center","background-size":"auto","background-attachment":"scroll","background-type":"","background-media":"","overlay-type":"","overlay-color":"","overlay-opacity":"","overlay-gradient":""}}},"product_cat":[21,39],"product_tag":[],"class_list":{"0":"post-344","1":"product","2":"type-product","3":"status-publish","4":"has-post-thumbnail","6":"product_cat-uncategorized","7":"product_cat-equipos-de-bombeo","8":"desktop-align-left","9":"tablet-align-left","10":"mobile-align-left","12":"first","13":"instock","14":"shipping-taxable","15":"product-type-simple"},"_links":{"self":[{"href":"https:\/\/agromatic.mx\/index.php\/wp-json\/wp\/v2\/product\/344","targetHints":{"allow":["GET"]}}],"collection":[{"href":"https:\/\/agromatic.mx\/index.php\/wp-json\/wp\/v2\/product"}],"about":[{"href":"https:\/\/agromatic.mx\/index.php\/wp-json\/wp\/v2\/types\/product"}],"replies":[{"embeddable":true,"href":"https:\/\/agromatic.mx\/index.php\/wp-json\/wp\/v2\/comments?post=344"}],"wp:featuredmedia":[{"embeddable":true,"href":"https:\/\/agromatic.mx\/index.php\/wp-json\/wp\/v2\/media\/345"}],"wp:attachment":[{"href":"https:\/\/agromatic.mx\/index.php\/wp-json\/wp\/v2\/media?parent=344"}],"wp:term":[{"taxonomy":"product_cat","embeddable":true,"href":"https:\/\/agromatic.mx\/index.php\/wp-json\/wp\/v2\/product_cat?post=344"},{"taxonomy":"product_tag","embeddable":true,"href":"https:\/\/agromatic.mx\/index.php\/wp-json\/wp\/v2\/product_tag?post=344"}],"curies":[{"name":"wp","href":"https:\/\/api.w.org\/{rel}","templated":true}]}}