{"id":346,"date":"2023-10-06T16:02:48","date_gmt":"2023-10-06T16:02:48","guid":{"rendered":"https:\/\/agromatic.mx\/?post_type=product&#038;p=346"},"modified":"2023-10-06T16:02:49","modified_gmt":"2023-10-06T16:02:49","slug":"bomba-centrifuga-horizontal-flux","status":"publish","type":"product","link":"https:\/\/agromatic.mx\/index.php\/product\/bomba-centrifuga-horizontal-flux\/","title":{"rendered":"Bomba Centr\u00edfuga Horizontal FLUX"},"content":{"rendered":"<p>FLUX44 870 65<br \/>\nAplicaciones de las bombas Altamira FLUX:<br \/>\nAbastecimiento de agua<br \/>\nAlimentaci\u00f3n de calderas<br \/>\nAplicaciones en el sector de la agricultura<br \/>\nAplicaciones en sistemas de agua potable<br \/>\nElaboraci\u00f3n de vino<br \/>\nSistemas contra incendio<br \/>\nSistemas de agua de proceso<br \/>\nSistemas de condensaci\u00f3n<br \/>\nSistemas de enfriamiento<br \/>\nSistemas de la industria de alimentos<br \/>\nSistemas de limpieza<br \/>\nSistemas de refrigeraci\u00f3n<br \/>\nSuministro de agua en edificios en general<br \/>\nTratamiento de agua<\/p>\n","protected":false},"excerpt":{"rendered":"<p>Las bombas de la Serie FLUX de Altamira cuentan con una amplia gama de Motobombas Centr\u00edfugas Horizontales monoetapa, el cuerpo es fabricado en acero inoxidable 304 y son ideales para aplicaciones donde se requiere que el agua no tenga contacto con materiales sujetos a oxidaci\u00f3n.<\/p>\n<p>Las Bombas Altamira de la Serie FLUX son de dise\u00f1o compacto, cuerpo tipo voluta para una m\u00e1xima eficiencia, de f\u00e1cil instalaci\u00f3n y conexiones bridadas. Disponibles en 8 rangos de flujo.<\/p>\n","protected":false},"featured_media":347,"comment_status":"closed","ping_status":"closed","template":"","meta":{"site-sidebar-layout":"default","site-content-layout":"","ast-site-content-layout":"default","site-content-style":"default","site-sidebar-style":"default","ast-global-header-display":"","ast-banner-title-visibility":"","ast-main-header-display":"","ast-hfb-above-header-display":"","ast-hfb-below-header-display":"","ast-hfb-mobile-header-display":"","site-post-title":"","ast-breadcrumbs-content":"","ast-featured-img":"","footer-sml-layout":"","theme-transparent-header-meta":"default","adv-header-id-meta":"","stick-header-meta":"","header-above-stick-meta":"","header-main-stick-meta":"","header-below-stick-meta":"","astra-migrate-meta-layouts":"set","ast-page-background-enabled":"default","ast-page-background-meta":{"desktop":{"background-color":"var(--ast-global-color-4)","background-image":"","background-repeat":"repeat","background-position":"center center","background-size":"auto","background-attachment":"scroll","background-type":"","background-media":"","overlay-type":"","overlay-color":"","overlay-opacity":"","overlay-gradient":""},"tablet":{"background-color":"","background-image":"","background-repeat":"repeat","background-position":"center center","background-size":"auto","background-attachment":"scroll","background-type":"","background-media":"","overlay-type":"","overlay-color":"","overlay-opacity":"","overlay-gradient":""},"mobile":{"background-color":"","background-image":"","background-repeat":"repeat","background-position":"center center","background-size":"auto","background-attachment":"scroll","background-type":"","background-media":"","overlay-type":"","overlay-color":"","overlay-opacity":"","overlay-gradient":""}},"ast-content-background-meta":{"desktop":{"background-color":"var(--ast-global-color-5)","background-image":"","background-repeat":"repeat","background-position":"center center","background-size":"auto","background-attachment":"scroll","background-type":"","background-media":"","overlay-type":"","overlay-color":"","overlay-opacity":"","overlay-gradient":""},"tablet":{"background-color":"var(--ast-global-color-5)","background-image":"","background-repeat":"repeat","background-position":"center center","background-size":"auto","background-attachment":"scroll","background-type":"","background-media":"","overlay-type":"","overlay-color":"","overlay-opacity":"","overlay-gradient":""},"mobile":{"background-color":"var(--ast-global-color-5)","background-image":"","background-repeat":"repeat","background-position":"center center","background-size":"auto","background-attachment":"scroll","background-type":"","background-media":"","overlay-type":"","overlay-color":"","overlay-opacity":"","overlay-gradient":""}}},"product_cat":[21],"product_tag":[],"class_list":{"0":"post-346","1":"product","2":"type-product","3":"status-publish","4":"has-post-thumbnail","6":"product_cat-uncategorized","7":"desktop-align-left","8":"tablet-align-left","9":"mobile-align-left","11":"first","12":"instock","13":"shipping-taxable","14":"product-type-simple"},"_links":{"self":[{"href":"https:\/\/agromatic.mx\/index.php\/wp-json\/wp\/v2\/product\/346","targetHints":{"allow":["GET"]}}],"collection":[{"href":"https:\/\/agromatic.mx\/index.php\/wp-json\/wp\/v2\/product"}],"about":[{"href":"https:\/\/agromatic.mx\/index.php\/wp-json\/wp\/v2\/types\/product"}],"replies":[{"embeddable":true,"href":"https:\/\/agromatic.mx\/index.php\/wp-json\/wp\/v2\/comments?post=346"}],"wp:featuredmedia":[{"embeddable":true,"href":"https:\/\/agromatic.mx\/index.php\/wp-json\/wp\/v2\/media\/347"}],"wp:attachment":[{"href":"https:\/\/agromatic.mx\/index.php\/wp-json\/wp\/v2\/media?parent=346"}],"wp:term":[{"taxonomy":"product_cat","embeddable":true,"href":"https:\/\/agromatic.mx\/index.php\/wp-json\/wp\/v2\/product_cat?post=346"},{"taxonomy":"product_tag","embeddable":true,"href":"https:\/\/agromatic.mx\/index.php\/wp-json\/wp\/v2\/product_tag?post=346"}],"curies":[{"name":"wp","href":"https:\/\/api.w.org\/{rel}","templated":true}]}}