{"id":348,"date":"2023-10-06T17:23:07","date_gmt":"2023-10-06T17:23:07","guid":{"rendered":"https:\/\/agromatic.mx\/?post_type=product&#038;p=348"},"modified":"2023-10-06T17:23:07","modified_gmt":"2023-10-06T17:23:07","slug":"bombas-de-superficie-solares-serie-kolosal-cfp","status":"publish","type":"product","link":"https:\/\/agromatic.mx\/index.php\/product\/bombas-de-superficie-solares-serie-kolosal-cfp\/","title":{"rendered":"Bombas de Superficie Solares Serie KOLOSAL CFP"},"content":{"rendered":"<p>Aplicaciones de las Bombas Solares KOLOSAL CFP:<br \/>\nLlenado de tinacos, cisternas, dep\u00f3sitos, etc.<br \/>\nAplicaciones residenciales<br \/>\nSistemas de riego<br \/>\nTrasvase<\/p>\n","protected":false},"excerpt":{"rendered":"<p>Motobombas Centr\u00edfugas Horizontales Solares ideales para bombeo de agua limpia, ofreciendo una soluci\u00f3n confiable a la mayor\u00eda de necesidades utilizando eficientemente la energ\u00eda solar ya que requieren menos paneles para su operaci\u00f3n. Cuentan con motores trif\u00e1sicos de imanes permanentes de corriente continua, as\u00ed como tambi\u00e9n una versi\u00f3n con motor Multipower de corriente directa o alterna.<\/p>\n<p>Estas bombas solares pueden manejar agua en temperaturas de hasta 35\u00b0C y operar en temperaturas ambiente de hasta 50\u00b0C. Existe tambi\u00e9n una versi\u00f3n de bomba autocebante con motor de imanes permanentes.<\/p>\n","protected":false},"featured_media":349,"comment_status":"closed","ping_status":"closed","template":"","meta":{"site-sidebar-layout":"default","site-content-layout":"","ast-site-content-layout":"default","site-content-style":"default","site-sidebar-style":"default","ast-global-header-display":"","ast-banner-title-visibility":"","ast-main-header-display":"","ast-hfb-above-header-display":"","ast-hfb-below-header-display":"","ast-hfb-mobile-header-display":"","site-post-title":"","ast-breadcrumbs-content":"","ast-featured-img":"","footer-sml-layout":"","theme-transparent-header-meta":"default","adv-header-id-meta":"","stick-header-meta":"","header-above-stick-meta":"","header-main-stick-meta":"","header-below-stick-meta":"","astra-migrate-meta-layouts":"set","ast-page-background-enabled":"default","ast-page-background-meta":{"desktop":{"background-color":"var(--ast-global-color-4)","background-image":"","background-repeat":"repeat","background-position":"center center","background-size":"auto","background-attachment":"scroll","background-type":"","background-media":"","overlay-type":"","overlay-color":"","overlay-opacity":"","overlay-gradient":""},"tablet":{"background-color":"","background-image":"","background-repeat":"repeat","background-position":"center center","background-size":"auto","background-attachment":"scroll","background-type":"","background-media":"","overlay-type":"","overlay-color":"","overlay-opacity":"","overlay-gradient":""},"mobile":{"background-color":"","background-image":"","background-repeat":"repeat","background-position":"center center","background-size":"auto","background-attachment":"scroll","background-type":"","background-media":"","overlay-type":"","overlay-color":"","overlay-opacity":"","overlay-gradient":""}},"ast-content-background-meta":{"desktop":{"background-color":"var(--ast-global-color-5)","background-image":"","background-repeat":"repeat","background-position":"center center","background-size":"auto","background-attachment":"scroll","background-type":"","background-media":"","overlay-type":"","overlay-color":"","overlay-opacity":"","overlay-gradient":""},"tablet":{"background-color":"var(--ast-global-color-5)","background-image":"","background-repeat":"repeat","background-position":"center center","background-size":"auto","background-attachment":"scroll","background-type":"","background-media":"","overlay-type":"","overlay-color":"","overlay-opacity":"","overlay-gradient":""},"mobile":{"background-color":"var(--ast-global-color-5)","background-image":"","background-repeat":"repeat","background-position":"center center","background-size":"auto","background-attachment":"scroll","background-type":"","background-media":"","overlay-type":"","overlay-color":"","overlay-opacity":"","overlay-gradient":""}}},"product_cat":[39,43],"product_tag":[],"class_list":{"0":"post-348","1":"product","2":"type-product","3":"status-publish","4":"has-post-thumbnail","6":"product_cat-equipos-de-bombeo","7":"product_cat-sistemas-de-bombeo-solar","8":"desktop-align-left","9":"tablet-align-left","10":"mobile-align-left","12":"first","13":"instock","14":"shipping-taxable","15":"product-type-simple"},"_links":{"self":[{"href":"https:\/\/agromatic.mx\/index.php\/wp-json\/wp\/v2\/product\/348","targetHints":{"allow":["GET"]}}],"collection":[{"href":"https:\/\/agromatic.mx\/index.php\/wp-json\/wp\/v2\/product"}],"about":[{"href":"https:\/\/agromatic.mx\/index.php\/wp-json\/wp\/v2\/types\/product"}],"replies":[{"embeddable":true,"href":"https:\/\/agromatic.mx\/index.php\/wp-json\/wp\/v2\/comments?post=348"}],"wp:featuredmedia":[{"embeddable":true,"href":"https:\/\/agromatic.mx\/index.php\/wp-json\/wp\/v2\/media\/349"}],"wp:attachment":[{"href":"https:\/\/agromatic.mx\/index.php\/wp-json\/wp\/v2\/media?parent=348"}],"wp:term":[{"taxonomy":"product_cat","embeddable":true,"href":"https:\/\/agromatic.mx\/index.php\/wp-json\/wp\/v2\/product_cat?post=348"},{"taxonomy":"product_tag","embeddable":true,"href":"https:\/\/agromatic.mx\/index.php\/wp-json\/wp\/v2\/product_tag?post=348"}],"curies":[{"name":"wp","href":"https:\/\/api.w.org\/{rel}","templated":true}]}}