{"id":372,"date":"2023-10-12T16:05:59","date_gmt":"2023-10-12T22:05:59","guid":{"rendered":"https:\/\/agromatic.mx\/?post_type=product&#038;p=372"},"modified":"2023-10-20T16:57:47","modified_gmt":"2023-10-20T22:57:47","slug":"tanques-de-almaceniamiento-atornillables","status":"publish","type":"product","link":"https:\/\/agromatic.mx\/index.php\/product\/tanques-de-almaceniamiento-atornillables\/","title":{"rendered":"Tanques De Almaceniamiento Atornillables"},"content":{"rendered":"<ul>\n<li>Capacidades\u00a0 desde 2,100. gal (8 m3), hasta los 5,000,000. gal. (18,900 m3).<\/li>\n<li>Armado r\u00e1pido<\/li>\n<li>Empacados en paquetes compactos (con flejes).<\/li>\n<li>M\u00faltiples usos: agua potable, agua municipal, agua, incendio, aguas residuales, petr\u00f3leo y derivados.<\/li>\n<li>M\u00faltiples aplicaciones: industrial, municipal, petro-qu\u00edmica, plantas de tratamiento de agua.<\/li>\n<\/ul>\n","protected":false},"excerpt":{"rendered":"<p>ofrecen un desempe\u00f1o sin igual,\u00a0 de fiar y\u00a0 f\u00e1cil instalaci\u00f3n.El dise\u00f1o demuestra la mas avanzada tecnolog\u00eda en la industria de los tanques atornillados.<\/p>\n<p>Usan el sellador mas moderno para reemplazar las tiras de empaque reduciendo la posibilidad de fugas en uniones. El dise\u00f1o de paneles planos de Tarsco Bolted Tank proporciona una superficie suave y continua en la pared interior, resultando mejor que en los viejos dise\u00f1os de paneles con ceja.<\/p>\n","protected":false},"featured_media":478,"comment_status":"closed","ping_status":"closed","template":"","meta":{"site-sidebar-layout":"default","site-content-layout":"","ast-site-content-layout":"default","site-content-style":"default","site-sidebar-style":"default","ast-global-header-display":"","ast-banner-title-visibility":"","ast-main-header-display":"","ast-hfb-above-header-display":"","ast-hfb-below-header-display":"","ast-hfb-mobile-header-display":"","site-post-title":"","ast-breadcrumbs-content":"","ast-featured-img":"","footer-sml-layout":"","theme-transparent-header-meta":"default","adv-header-id-meta":"","stick-header-meta":"","header-above-stick-meta":"","header-main-stick-meta":"","header-below-stick-meta":"","astra-migrate-meta-layouts":"set","ast-page-background-enabled":"default","ast-page-background-meta":{"desktop":{"background-color":"var(--ast-global-color-4)","background-image":"","background-repeat":"repeat","background-position":"center center","background-size":"auto","background-attachment":"scroll","background-type":"","background-media":"","overlay-type":"","overlay-color":"","overlay-opacity":"","overlay-gradient":""},"tablet":{"background-color":"","background-image":"","background-repeat":"repeat","background-position":"center center","background-size":"auto","background-attachment":"scroll","background-type":"","background-media":"","overlay-type":"","overlay-color":"","overlay-opacity":"","overlay-gradient":""},"mobile":{"background-color":"","background-image":"","background-repeat":"repeat","background-position":"center center","background-size":"auto","background-attachment":"scroll","background-type":"","background-media":"","overlay-type":"","overlay-color":"","overlay-opacity":"","overlay-gradient":""}},"ast-content-background-meta":{"desktop":{"background-color":"var(--ast-global-color-5)","background-image":"","background-repeat":"repeat","background-position":"center center","background-size":"auto","background-attachment":"scroll","background-type":"","background-media":"","overlay-type":"","overlay-color":"","overlay-opacity":"","overlay-gradient":""},"tablet":{"background-color":"var(--ast-global-color-5)","background-image":"","background-repeat":"repeat","background-position":"center center","background-size":"auto","background-attachment":"scroll","background-type":"","background-media":"","overlay-type":"","overlay-color":"","overlay-opacity":"","overlay-gradient":""},"mobile":{"background-color":"var(--ast-global-color-5)","background-image":"","background-repeat":"repeat","background-position":"center center","background-size":"auto","background-attachment":"scroll","background-type":"","background-media":"","overlay-type":"","overlay-color":"","overlay-opacity":"","overlay-gradient":""}}},"product_cat":[46,44],"product_tag":[],"class_list":{"0":"post-372","1":"product","2":"type-product","3":"status-publish","4":"has-post-thumbnail","6":"product_cat-industrial","7":"product_cat-tanques-de-almacenamiento","8":"desktop-align-left","9":"tablet-align-left","10":"mobile-align-left","12":"first","13":"instock","14":"shipping-taxable","15":"product-type-simple"},"_links":{"self":[{"href":"https:\/\/agromatic.mx\/index.php\/wp-json\/wp\/v2\/product\/372","targetHints":{"allow":["GET"]}}],"collection":[{"href":"https:\/\/agromatic.mx\/index.php\/wp-json\/wp\/v2\/product"}],"about":[{"href":"https:\/\/agromatic.mx\/index.php\/wp-json\/wp\/v2\/types\/product"}],"replies":[{"embeddable":true,"href":"https:\/\/agromatic.mx\/index.php\/wp-json\/wp\/v2\/comments?post=372"}],"wp:featuredmedia":[{"embeddable":true,"href":"https:\/\/agromatic.mx\/index.php\/wp-json\/wp\/v2\/media\/478"}],"wp:attachment":[{"href":"https:\/\/agromatic.mx\/index.php\/wp-json\/wp\/v2\/media?parent=372"}],"wp:term":[{"taxonomy":"product_cat","embeddable":true,"href":"https:\/\/agromatic.mx\/index.php\/wp-json\/wp\/v2\/product_cat?post=372"},{"taxonomy":"product_tag","embeddable":true,"href":"https:\/\/agromatic.mx\/index.php\/wp-json\/wp\/v2\/product_tag?post=372"}],"curies":[{"name":"wp","href":"https:\/\/api.w.org\/{rel}","templated":true}]}}