{"id":374,"date":"2023-10-12T16:12:12","date_gmt":"2023-10-12T22:12:12","guid":{"rendered":"https:\/\/agromatic.mx\/?post_type=product&#038;p=374"},"modified":"2023-10-12T16:23:19","modified_gmt":"2023-10-12T22:23:19","slug":"equipo-contra-incendio","status":"publish","type":"product","link":"https:\/\/agromatic.mx\/index.php\/product\/equipo-contra-incendio\/","title":{"rendered":"Equipo Contra Incendio"},"content":{"rendered":"<p>Un sistema contra incendio de bombeo tiene que estar listo para encender autom\u00e1ticamente en el momento que se requiera para sofocar el incendio.<\/p>\n<p>Para abastecer la red de hidrantes y\/o los rociadores, con el fin de bombear agua con suficiente presi\u00f3n y cantidad.<\/p>\n<p>Equipos contra incendios fabricados cumpliendo la m\u00e1s alta calidad en los materiales y en las partes electr\u00f3nicas que hacen que sean completamente confiables.<\/p>\n","protected":false},"excerpt":{"rendered":"<p>Equipo de Bombeo para Sistema de Protecci\u00f3n Contra Incendio, totalmente integrado con todos los elementos interconectados y cableados formando una sola unidad.<\/p>\n<p>El equipo contra incendio est\u00e1 probado en planta, por eso esta listo para conectarse a las l\u00edneas de succi\u00f3n y descarga.<\/p>\n<p>Adem\u00e1s cuenta con una amplia garant\u00eda de 3 a\u00f1os.<\/p>\n","protected":false},"featured_media":375,"comment_status":"closed","ping_status":"closed","template":"","meta":{"site-sidebar-layout":"default","site-content-layout":"","ast-site-content-layout":"default","site-content-style":"default","site-sidebar-style":"default","ast-global-header-display":"","ast-banner-title-visibility":"","ast-main-header-display":"","ast-hfb-above-header-display":"","ast-hfb-below-header-display":"","ast-hfb-mobile-header-display":"","site-post-title":"","ast-breadcrumbs-content":"","ast-featured-img":"","footer-sml-layout":"","theme-transparent-header-meta":"default","adv-header-id-meta":"","stick-header-meta":"","header-above-stick-meta":"","header-main-stick-meta":"","header-below-stick-meta":"","astra-migrate-meta-layouts":"set","ast-page-background-enabled":"default","ast-page-background-meta":{"desktop":{"background-color":"var(--ast-global-color-4)","background-image":"","background-repeat":"repeat","background-position":"center center","background-size":"auto","background-attachment":"scroll","background-type":"","background-media":"","overlay-type":"","overlay-color":"","overlay-opacity":"","overlay-gradient":""},"tablet":{"background-color":"","background-image":"","background-repeat":"repeat","background-position":"center center","background-size":"auto","background-attachment":"scroll","background-type":"","background-media":"","overlay-type":"","overlay-color":"","overlay-opacity":"","overlay-gradient":""},"mobile":{"background-color":"","background-image":"","background-repeat":"repeat","background-position":"center center","background-size":"auto","background-attachment":"scroll","background-type":"","background-media":"","overlay-type":"","overlay-color":"","overlay-opacity":"","overlay-gradient":""}},"ast-content-background-meta":{"desktop":{"background-color":"var(--ast-global-color-5)","background-image":"","background-repeat":"repeat","background-position":"center center","background-size":"auto","background-attachment":"scroll","background-type":"","background-media":"","overlay-type":"","overlay-color":"","overlay-opacity":"","overlay-gradient":""},"tablet":{"background-color":"var(--ast-global-color-5)","background-image":"","background-repeat":"repeat","background-position":"center center","background-size":"auto","background-attachment":"scroll","background-type":"","background-media":"","overlay-type":"","overlay-color":"","overlay-opacity":"","overlay-gradient":""},"mobile":{"background-color":"var(--ast-global-color-5)","background-image":"","background-repeat":"repeat","background-position":"center center","background-size":"auto","background-attachment":"scroll","background-type":"","background-media":"","overlay-type":"","overlay-color":"","overlay-opacity":"","overlay-gradient":""}}},"product_cat":[46,47],"product_tag":[],"class_list":{"0":"post-374","1":"product","2":"type-product","3":"status-publish","4":"has-post-thumbnail","6":"product_cat-industrial","7":"product_cat-sistemas-contra-incendio","8":"desktop-align-left","9":"tablet-align-left","10":"mobile-align-left","12":"first","13":"instock","14":"shipping-taxable","15":"product-type-simple"},"_links":{"self":[{"href":"https:\/\/agromatic.mx\/index.php\/wp-json\/wp\/v2\/product\/374","targetHints":{"allow":["GET"]}}],"collection":[{"href":"https:\/\/agromatic.mx\/index.php\/wp-json\/wp\/v2\/product"}],"about":[{"href":"https:\/\/agromatic.mx\/index.php\/wp-json\/wp\/v2\/types\/product"}],"replies":[{"embeddable":true,"href":"https:\/\/agromatic.mx\/index.php\/wp-json\/wp\/v2\/comments?post=374"}],"wp:featuredmedia":[{"embeddable":true,"href":"https:\/\/agromatic.mx\/index.php\/wp-json\/wp\/v2\/media\/375"}],"wp:attachment":[{"href":"https:\/\/agromatic.mx\/index.php\/wp-json\/wp\/v2\/media?parent=374"}],"wp:term":[{"taxonomy":"product_cat","embeddable":true,"href":"https:\/\/agromatic.mx\/index.php\/wp-json\/wp\/v2\/product_cat?post=374"},{"taxonomy":"product_tag","embeddable":true,"href":"https:\/\/agromatic.mx\/index.php\/wp-json\/wp\/v2\/product_tag?post=374"}],"curies":[{"name":"wp","href":"https:\/\/api.w.org\/{rel}","templated":true}]}}