{"id":376,"date":"2023-10-12T16:36:04","date_gmt":"2023-10-12T22:36:04","guid":{"rendered":"https:\/\/agromatic.mx\/?post_type=product&#038;p=376"},"modified":"2023-10-12T16:36:05","modified_gmt":"2023-10-12T22:36:05","slug":"filtro-de-arena-de-camara-unica","status":"publish","type":"product","link":"https:\/\/agromatic.mx\/index.php\/product\/filtro-de-arena-de-camara-unica\/","title":{"rendered":"Filtro de arena de c\u00e1mara \u00fanica"},"content":{"rendered":"<ul>\n<li>Todos los filtros de arena de c\u00e1mara \u00fanica est\u00e1n fabricados con materiales de alta calidad<\/li>\n<li>Incorporan un innovador dise\u00f1o de descarga inferior que cubre todo el di\u00e1metro interior del dep\u00f3sito<\/li>\n<li>La fiable v\u00e1lvula de retrolavado de c\u00e1mara doble proporciona la menor p\u00e9rdida de carga a trav\u00e9s de la v\u00e1lvula, tanto en modo de filtraci\u00f3n como de retrolavado, lo que permite el lavado del sistema a presiones m\u00e1s bajas<\/li>\n<li>Todos los filtros Toro-YAMIT incluyen un solenoide de corriente continua de 12\u00a0voltios y un panel de control<\/li>\n<\/ul>\n","protected":false},"excerpt":{"rendered":"<p>Los filtros de arena de c\u00e1mara \u00fanica de acero inoxidable 304 o acero al carbono est\u00e1n dise\u00f1ados para proporcionar soluciones de filtraci\u00f3n de alta calidad para aguas que contienen un alto nivel de contaminaci\u00f3n org\u00e1nica y algas. Los materiales y el proceso de fabricaci\u00f3n de alta calidad, combinados con el funcionamiento eficiente de los mecanismos de filtraci\u00f3n y lavado, garantizan un suministro de agua limpia e uniforme a largo plazo.<\/p>\n","protected":false},"featured_media":379,"comment_status":"closed","ping_status":"closed","template":"","meta":{"site-sidebar-layout":"default","site-content-layout":"","ast-site-content-layout":"default","site-content-style":"default","site-sidebar-style":"default","ast-global-header-display":"","ast-banner-title-visibility":"","ast-main-header-display":"","ast-hfb-above-header-display":"","ast-hfb-below-header-display":"","ast-hfb-mobile-header-display":"","site-post-title":"","ast-breadcrumbs-content":"","ast-featured-img":"","footer-sml-layout":"","theme-transparent-header-meta":"default","adv-header-id-meta":"","stick-header-meta":"","header-above-stick-meta":"","header-main-stick-meta":"","header-below-stick-meta":"","astra-migrate-meta-layouts":"set","ast-page-background-enabled":"default","ast-page-background-meta":{"desktop":{"background-color":"var(--ast-global-color-4)","background-image":"","background-repeat":"repeat","background-position":"center center","background-size":"auto","background-attachment":"scroll","background-type":"","background-media":"","overlay-type":"","overlay-color":"","overlay-opacity":"","overlay-gradient":""},"tablet":{"background-color":"","background-image":"","background-repeat":"repeat","background-position":"center center","background-size":"auto","background-attachment":"scroll","background-type":"","background-media":"","overlay-type":"","overlay-color":"","overlay-opacity":"","overlay-gradient":""},"mobile":{"background-color":"","background-image":"","background-repeat":"repeat","background-position":"center center","background-size":"auto","background-attachment":"scroll","background-type":"","background-media":"","overlay-type":"","overlay-color":"","overlay-opacity":"","overlay-gradient":""}},"ast-content-background-meta":{"desktop":{"background-color":"var(--ast-global-color-5)","background-image":"","background-repeat":"repeat","background-position":"center center","background-size":"auto","background-attachment":"scroll","background-type":"","background-media":"","overlay-type":"","overlay-color":"","overlay-opacity":"","overlay-gradient":""},"tablet":{"background-color":"var(--ast-global-color-5)","background-image":"","background-repeat":"repeat","background-position":"center center","background-size":"auto","background-attachment":"scroll","background-type":"","background-media":"","overlay-type":"","overlay-color":"","overlay-opacity":"","overlay-gradient":""},"mobile":{"background-color":"var(--ast-global-color-5)","background-image":"","background-repeat":"repeat","background-position":"center center","background-size":"auto","background-attachment":"scroll","background-type":"","background-media":"","overlay-type":"","overlay-color":"","overlay-opacity":"","overlay-gradient":""}}},"product_cat":[98,97],"product_tag":[],"class_list":{"0":"post-376","1":"product","2":"type-product","3":"status-publish","4":"has-post-thumbnail","6":"product_cat-agricola","7":"product_cat-filtros","8":"desktop-align-left","9":"tablet-align-left","10":"mobile-align-left","12":"first","13":"instock","14":"shipping-taxable","15":"product-type-simple"},"_links":{"self":[{"href":"https:\/\/agromatic.mx\/index.php\/wp-json\/wp\/v2\/product\/376","targetHints":{"allow":["GET"]}}],"collection":[{"href":"https:\/\/agromatic.mx\/index.php\/wp-json\/wp\/v2\/product"}],"about":[{"href":"https:\/\/agromatic.mx\/index.php\/wp-json\/wp\/v2\/types\/product"}],"replies":[{"embeddable":true,"href":"https:\/\/agromatic.mx\/index.php\/wp-json\/wp\/v2\/comments?post=376"}],"wp:featuredmedia":[{"embeddable":true,"href":"https:\/\/agromatic.mx\/index.php\/wp-json\/wp\/v2\/media\/379"}],"wp:attachment":[{"href":"https:\/\/agromatic.mx\/index.php\/wp-json\/wp\/v2\/media?parent=376"}],"wp:term":[{"taxonomy":"product_cat","embeddable":true,"href":"https:\/\/agromatic.mx\/index.php\/wp-json\/wp\/v2\/product_cat?post=376"},{"taxonomy":"product_tag","embeddable":true,"href":"https:\/\/agromatic.mx\/index.php\/wp-json\/wp\/v2\/product_tag?post=376"}],"curies":[{"name":"wp","href":"https:\/\/api.w.org\/{rel}","templated":true}]}}